{"id":47,"date":"2019-10-10T14:25:17","date_gmt":"2019-10-10T14:25:17","guid":{"rendered":"http:\/\/goblinsinabarrel.de\/?page_id=47"},"modified":"2019-11-16T10:29:39","modified_gmt":"2019-11-16T10:29:39","slug":"band-history","status":"publish","type":"page","link":"https:\/\/goblinsinabarrel.de\/?page_id=47","title":{"rendered":"Biographie"},"content":{"rendered":"\n<h4 class=\"wp-block-heading\">Wie es zu allem kam&#8230;<\/h4>\n\n\n\n<p>Goblins In A Barrel\nist eine Irish-Scottish-Folk-Prog-Rock\/Metal Band. <\/p>\n\n\n\n<p>Klingt verr\u00fcckt, ist es aber nicht. Vielmehr ist es eine Verkn\u00fcpfung h\u00e4rterer\nRiffs mit Irish-Scottish-Folk Akzenten und mit einer verst\u00e4rkten Ausrichtung\nvon instrumentalen und progressiven Elementen.<\/p>\n\n\n\n<p>Doch wie kam es zu dieser Band und zu dieser wohl sehr raren Musikrichtung?<\/p>\n\n\n\n<p>Fangen wir doch am besten fast von vorne an\u2026<\/p>\n\n\n\n<p>\u2026An einem eklig kalten und regnerischen Winterabend, es durfte dementsprechend Ende 2018 gewesen sein, trafen sich die alten Freunde und Bandkollegen Albi und Petrak in einer Besigheimer Dorfkneipe, um gemeinsam ein paar Humpen zu heben. Das Thema Musik und Band war schneller an der Theke, als die Bedienung das heilige goldene Wasser zapfen und servieren konnte. Mit zunehmendem Fluss des \u00e4sthetischen Gebr\u00e4us, war sich Petrak sicher, es muss eine neue Band formiert werden. Kaum ausgesprochen, klatsche es an Petrak\u2018s Hinterkopf. Anstatt eines Zeichens einer h\u00f6heren Macht, war es doch \u201enur\u201c die flache Hand Albi\u2018s, die versuchte Petrak wieder zur Vernunft zu bringen. Denn zur damaligen Zeit, waren beide (Albi bis heute noch) Mitglieder einer Irish- Rockband, diese Sie 10 Jahre zuvor (Mit-) gr\u00fcndeten.<\/p>\n\n\n\n<p>Doch warum eine neue Band gr\u00fcnden, wenn eine Irish-Rockband bereits\nexistiert?<\/p>\n\n\n\n<p>Gehen wir noch einen klitzekleinen Schritt weiter zur\u00fcck&#8230;<\/p>\n\n\n\n<p>&#8230;Wir schreiben das Jahr 2006, als Albi zur Petrak\u2019s Heavy-\/Powermetalband stie\u00df, um die L\u00fccke als Keyboarder zu f\u00fcllen. Schnell zeigte sich diese Neubesetzung als eine gro\u00dfe Bereicherung in Form einer deutlichen musikalisch qualitativen Steigerung. Immer mehr progressive und komplexere Parts fanden den Weg in neue Songs. Wie geil war das denn als die ersten Songs mit einer 15-min\u00fctiger Spielzeit entstanden. Doch leider fand man nur sp\u00e4rlich Mitmusiker, die bereit waren hart an komplexen Songmaterial zu arbeiten und zugleich die gleiche musikalischen Wellenl\u00e4nger wie die Beiden besa\u00dfen \u2013 so wurde die Band auf unbestimmte Zeit auf Eis gelegt. <\/p>\n\n\n\n<p>Parallel baute sich die Irish-Rockband und deren mehrst\u00fcndiges\nRepertoire aus verrockten Traditionals aus. Es folgten einige super Konzerte &#8211;\ndas Publikum, die Stimmung, die Veranstalter, die Locations &#8211; einfach\nunbeschreiblich geil!<\/p>\n\n\n\n<p>Doch dem eingespielten Duo fehlte eine entscheidende Rolle. Das schreiben eigener Songs, mit der Integration anspruchsvollen, instrumentalen und progressiven Parts, um das musikalische Niveau auf eine n\u00e4chsth\u00f6here Ebene zu bringen.<\/p>\n\n\n\n<p>Demzufolge war dies auf langer Sicht nicht zufriedenstellend und der\nEntschluss eine neue Band zu gr\u00fcnden, war in greifbarer N\u00e4he&#8230;<\/p>\n\n\n\n<p>\u2026nur ein paar Gl\u00e4ser sp\u00e4ter, war auch Albi mit am Bord und <strong>Goblins\nIn A Barrel war somit geboren.<\/strong><\/p>\n\n\n\n<p>\u2026Exakt 3 Minuten nachdem das erste Musikergesuch ver\u00f6ffentlicht wurde, k\u00fcndigte Dennis sein Interesse an und stieg direkt nach der ersten Probe ein. Was passt, muss nicht mehr geformt werden. Dennis versteht definitiv seinen Job am Bass und f\u00fcgte sich somit nahtlos in die Band ein. Auch tr\u00e4gt er mit seinem sehr kritischen Geh\u00f6r einiges zum Songwriting bei. Zwar macht er gerne es den anderen nicht immer leicht, aber nur so wird auf starkes Songmaterial, noch einmal eine Schippe draufgesetzt. <\/p>\n\n\n\n<p>Auch konnte er Kai, seinen langj\u00e4hrigen Mitmusiker aus seiner alten Metal Band, f\u00fcr dieses Projekt gewinnen. Seither sitzt Kai hinter der Schie\u00dfbude und treibt als vierter Metalhead die Band gerne zu einer etwas h\u00e4rteren Gangart. Doch hart ist nicht gleich hart. Mit seiner lockeren pers\u00f6nlichen Art, sorgt er nicht nur w\u00e4hrend dem Songwriting f\u00fcr eine entspannte Atmosph\u00e4re und gute Stimmung.<\/p>\n\n\n\n<p>Und damit die melodischen Parts nicht untergehen, die bei dieser\nRichtung ja von wichtiger Bedeutung sind, werden diese von keiner anderen als\nEva in den Vordergrund gepusht. Als Violinistin vervollst\u00e4ndigt sie das letzte\nund sehr wichtige Schl\u00fcsselelement der Band. Und sind wir mal ehrlich. Es ist\nniemals verkehrt eine starke und direkte Frau in der Band zu haben\u2026<\/p>\n\n\n\n<p>\u2026Zur\u00fcck zur Besigheimer Dorfkneipe, denn dort wurde schon beim ersten\noder zweiten Hopfenbl\u00fctentee eine wichtige Entscheidung getroffen:<\/p>\n\n\n\n<p><em>\u201eJeder Musiker, der dieser Band beitritt, soll nichts vorgeschrieben bekommen. Er soll sich frei entfalten und einbringen d\u00fcrfen, denn davon lebt schlie\u00dflich die Musik. Auch und erst dann, ist ein Musiker zufrieden mit dem was er tut. Und dies tr\u00e4gt auf einer Art und Weise auch zur dauerhaften Zusammenarbeit aller Musiker und folglich dem Fortbestand der Band bei \u2013 zumindest, wenn auch das zwischenmenschliche und somit auch die Harmonie passt\u201c.         &#8211; Petrak &#8211;<\/em><\/p>\n\n\n\n<p>Nach diesem Motto entwickelt sich die Band stets weiter und so\nentstand die Band Goblins In A Barrel, eine Irish-Scottish-Folk-Prog-Rock\/Metal\nBand aus Besigheim. <\/p>\n\n\n\n<p>Sch\u00f6n, nicht wahr? Aber h\u00e4tte man dies alles nicht k\u00fcrzer fassen\nk\u00f6nnen? <\/p>\n\n\n\n<p>Ja, dies h\u00e4tten man mit gro\u00dfer Sicherheit machen k\u00f6nnen. Aber bekanntlich\nm\u00f6chten Musiker nicht nur Noten \u00fcbermitteln, sondern auch Botschaften oder\neinfach nur eine Geschichte erz\u00e4hlen, ob auf wahrer Begebenheit oder frei\nerfunden, hinterlegt mit einer musikalischen Darbietung. Demzufolge wurde bei\ndieser Historie nichts weggelassen.<\/p>\n","protected":false},"excerpt":{"rendered":"<p>Wie es zu allem kam&#8230; Goblins In A Barrel ist eine Irish-Scottish-Folk-Prog-Rock\/Metal Band. Klingt verr\u00fcckt, ist es aber nicht. Vielmehr ist es eine Verkn\u00fcpfung h\u00e4rterer Riffs mit Irish-Scottish-Folk Akzenten und mit einer verst\u00e4rkten Ausrichtung von instrumentalen und progressiven Elementen. Doch wie kam es zu dieser Band und zu dieser wohl sehr raren Musikrichtung? Fangen wir &hellip; <\/p>\n<p class=\"link-more\"><a href=\"https:\/\/goblinsinabarrel.de\/?page_id=47\" class=\"more-link\"><span class=\"screen-reader-text\">\u201eBiographie\u201c <\/span>weiterlesen<\/a><\/p>\n","protected":false},"author":1,"featured_media":0,"parent":0,"menu_order":0,"comment_status":"closed","ping_status":"closed","template":"","meta":{"footnotes":""},"class_list":["post-47","page","type-page","status-publish","hentry"],"_links":{"self":[{"href":"https:\/\/goblinsinabarrel.de\/index.php?rest_route=\/wp\/v2\/pages\/47","targetHints":{"allow":["GET"]}}],"collection":[{"href":"https:\/\/goblinsinabarrel.de\/index.php?rest_route=\/wp\/v2\/pages"}],"about":[{"href":"https:\/\/goblinsinabarrel.de\/index.php?rest_route=\/wp\/v2\/types\/page"}],"author":[{"embeddable":true,"href":"https:\/\/goblinsinabarrel.de\/index.php?rest_route=\/wp\/v2\/users\/1"}],"replies":[{"embeddable":true,"href":"https:\/\/goblinsinabarrel.de\/index.php?rest_route=%2Fwp%2Fv2%2Fcomments&post=47"}],"version-history":[{"count":12,"href":"https:\/\/goblinsinabarrel.de\/index.php?rest_route=\/wp\/v2\/pages\/47\/revisions"}],"predecessor-version":[{"id":148,"href":"https:\/\/goblinsinabarrel.de\/index.php?rest_route=\/wp\/v2\/pages\/47\/revisions\/148"}],"wp:attachment":[{"href":"https:\/\/goblinsinabarrel.de\/index.php?rest_route=%2Fwp%2Fv2%2Fmedia&parent=47"}],"curies":[{"name":"wp","href":"https:\/\/api.w.org\/{rel}","templated":true}]}}